{"id":6920,"date":"2025-04-11T14:21:22","date_gmt":"2025-04-11T13:21:22","guid":{"rendered":"https:\/\/sleepy-bardeen.85-214-143-123.plesk.page\/startseite\/"},"modified":"2025-04-14T12:45:58","modified_gmt":"2025-04-14T11:45:58","slug":"startseite","status":"publish","type":"page","link":"https:\/\/contactcenterlive.nl\/de\/","title":{"rendered":"Startseite"},"content":{"rendered":"<div class=\"wpb-content-wrapper\"><p>[vc_row unlock_row_content=&#8220;yes&#8220; row_height_percent=&#8220;0&#8243; override_padding=&#8220;yes&#8220; h_padding=&#8220;0&#8243; top_padding=&#8220;0&#8243; bottom_padding=&#8220;0&#8243; overlay_alpha=&#8220;50&#8243; equal_height=&#8220;yes&#8220; gutter_size=&#8220;0&#8243; column_width_percent=&#8220;100&#8243; shift_y=&#8220;0&#8243; z_index=&#8220;0&#8243;][vc_column column_width_use_pixel=&#8220;yes&#8220; gutter_size=&#8220;3&#8243; override_padding=&#8220;yes&#8220; column_padding=&#8220;5&#8243; overlay_alpha=&#8220;50&#8243; shift_x=&#8220;0&#8243; shift_y=&#8220;0&#8243; shift_y_down=&#8220;0&#8243; z_index=&#8220;0&#8243; medium_width=&#8220;0&#8243; mobile_width=&#8220;0&#8243; width=&#8220;1\/2&#8243; column_width_pixel=&#8220;528&#8243;][vc_custom_heading text_color=&#8220;accent&#8220; heading_semantic=&#8220;h6&#8243; text_size=&#8220;h6&#8243; text_transform=&#8220;uppercase&#8220; uncode_shortcode_id=&#8220;213049&#8243; text_color_type=&#8220;uncode-palette&#8220;]KI-Wolke Kontaktzentrum[\/vc_custom_heading][vc_custom_heading text_size=&#8220;fontsize-163351&#8243; uncode_shortcode_id=&#8220;114290&#8243;]Direkte und sichtbare Verbesserung des Kundenservices[\/vc_custom_heading][vc_column_text text_lead=&#8220;yes&#8220; uncode_shortcode_id=&#8220;181282&#8243;]Angesichts der rasanten technologischen Entwicklungen im interaktiven Omnichannel-Kundenkontakt ist Innovation ein Muss. Contact Center Live arbeitet st\u00e4ndig daran, schnell und gekonnt auf die Marktdynamik zu reagieren und entwickelt kontinuierlich neue (KI-)L\u00f6sungen.[\/vc_column_text][vc_empty_space empty_h=&#8220;1&#8243;][vc_row_inner][vc_column_inner column_width_percent=&#8220;100&#8243; gutter_size=&#8220;3&#8243; overlay_alpha=&#8220;50&#8243; shift_x=&#8220;0&#8243; shift_y=&#8220;0&#8243; shift_y_down=&#8220;0&#8243; z_index=&#8220;0&#8243; medium_width=&#8220;4&#8243; mobile_width=&#8220;0&#8243; width=&#8220;1\/2&#8243;][vc_custom_heading heading_semantic=&#8220;h3&#8243; text_size=&#8220;h4&#8243; sub_lead=&#8220;small&#8220; subheading=&#8220;Binden Sie Ihre Kunden ein, wo immer sie sind, unabh\u00e4ngig von ihrem Kommunikationskanal, mit einer intuitiven und flexiblen Contact Center-L\u00f6sung, die Ihre eingehenden und ausgehenden Kontakte intelligent verwaltet. F\u00fcr reibungslosere Kundenbeziehungen und produktivere Mitarbeiter.&#8220; uncode_shortcode_id=&#8220;160382&#8243;]Kundenbetreuung[\/vc_custom_heading][\/vc_column_inner][vc_column_inner column_width_percent=&#8220;100&#8243; gutter_size=&#8220;3&#8243; overlay_alpha=&#8220;50&#8243; shift_x=&#8220;0&#8243; shift_y=&#8220;0&#8243; shift_y_down=&#8220;0&#8243; z_index=&#8220;0&#8243; medium_width=&#8220;4&#8243; mobile_width=&#8220;0&#8243; width=&#8220;1\/2&#8243;][vc_custom_heading heading_semantic=&#8220;h3&#8243; text_size=&#8220;h4&#8243; subheading=&#8220;Finden Sie mithilfe von KI detaillierte Transkripte von Gespr\u00e4chen, erkennen Sie leicht, ob Schl\u00fcsselw\u00f6rter gesprochen wurden, und extrahieren Sie wichtige Informationen, um Einblicke in Ihren Kundenkontakt zu gewinnen.&#8220; uncode_shortcode_id=&#8220;113081&#8243;]Einhaltung von Vorschriften und Sicherheit[\/vc_custom_heading][\/vc_column_inner][\/vc_row_inner][vc_button border_width=&#8220;0&#8243; link=&#8220;url:https%3A%2F%2Fcontactcenterlive.nl%2Fde%2Fai-cloud-kontaktzentrum%2F|title:Zendesk&#8220; uncode_shortcode_id=&#8220;931961&#8243;]Mehr lesen[\/vc_button][\/vc_column][vc_column column_width_percent=&#8220;100&#8243; position_vertical=&#8220;middle&#8220; gutter_size=&#8220;3&#8243; overlay_alpha=&#8220;50&#8243; shift_x=&#8220;0&#8243; shift_y=&#8220;0&#8243; shift_y_down=&#8220;0&#8243; z_index=&#8220;0&#8243; medium_width=&#8220;0&#8243; mobile_width=&#8220;0&#8243; width=&#8220;1\/2&#8243; mobile_height=&#8220;340&#8243; uncode_shortcode_id=&#8220;153060&#8243;][vc_single_image media=&#8220;3467&#8243; media_width_percent=&#8220;100&#8243; uncode_shortcode_id=&#8220;157540&#8243;][vc_custom_heading heading_semantic=&#8220;h3&#8243; uncode_shortcode_id=&#8220;209570&#8243;]Verbessern Sie Ihren Kundenkontakt, indem Sie alle Ihre Kommunikationskan\u00e4le mit <a href=\"https:\/\/vocalcom.com\" target=\"_blank\" rel=\"noopener\">Vocalcom<\/a> integrieren.[\/vc_custom_heading][\/vc_column][\/vc_row][vc_row row_height_percent=&#8220;0&#8243; override_padding=&#8220;yes&#8220; h_padding=&#8220;2&#8243; top_padding=&#8220;3&#8243; bottom_padding=&#8220;3&#8243; back_color=&#8220;cloud42-gradient-bottom&#8220; overlay_color=&#8220;color-wayh&#8220; overlay_alpha=&#8220;50&#8243; gutter_size=&#8220;3&#8243; column_width_percent=&#8220;100&#8243; shift_y=&#8220;0&#8243; z_index=&#8220;0&#8243; el_class=&#8220;client-logo-quote&#8220;][vc_column column_width_percent=&#8220;100&#8243; position_vertical=&#8220;middle&#8220; gutter_size=&#8220;3&#8243; style=&#8220;dark&#8220; overlay_alpha=&#8220;50&#8243; shift_x=&#8220;0&#8243; shift_y=&#8220;0&#8243; shift_y_down=&#8220;0&#8243; z_index=&#8220;0&#8243; medium_width=&#8220;0&#8243; mobile_width=&#8220;0&#8243; width=&#8220;3\/4&#8243; mobile_height=&#8220;340&#8243;][vc_custom_heading heading_semantic=&#8220;h3&#8243; text_size=&#8220;h3&#8243;]Der Kundenkontakt ist nicht einmalig und oberfl\u00e4chlich. Er ist ein kontinuierlicher Prozess, der aus mehreren Ebenen besteht: von der Kundenkommunikation \u00fcber die Bearbeitung bis hin zur Berichterstattung und \u00dcberwachung. Nur wenn Sie den Kundenkontakt auf allen Ebenen betrachten, erhalten Sie eine 360-Grad-Kundensicht und k\u00f6nnen auf ein optimales Kundenerlebnis hinarbeiten.[\/vc_custom_heading][vc_column_text uncode_shortcode_id=&#8220;101516&#8243;]Boudewijn Chamuleau, Gr\u00fcnder Contact Center Live[\/vc_column_text][\/vc_column][vc_column width=&#8220;1\/4&#8243;][vc_single_image media=&#8220;3914&#8243; media_width_percent=&#8220;79&#8243; alignment=&#8220;right&#8220;][\/vc_column][\/vc_row][vc_row unlock_row_content=&#8220;yes&#8220; row_height_percent=&#8220;0&#8243; override_padding=&#8220;yes&#8220; h_padding=&#8220;0&#8243; top_padding=&#8220;0&#8243; bottom_padding=&#8220;0&#8243; overlay_alpha=&#8220;50&#8243; equal_height=&#8220;yes&#8220; gutter_size=&#8220;0&#8243; column_width_percent=&#8220;100&#8243; shift_y=&#8220;0&#8243; z_index=&#8220;0&#8243;][vc_column column_width_percent=&#8220;100&#8243; position_horizontal=&#8220;right&#8220; position_vertical=&#8220;middle&#8220; align_horizontal=&#8220;align_right&#8220; gutter_size=&#8220;3&#8243; overlay_alpha=&#8220;50&#8243; shift_x=&#8220;0&#8243; shift_y=&#8220;0&#8243; shift_y_down=&#8220;0&#8243; z_index=&#8220;0&#8243; medium_width=&#8220;0&#8243; mobile_width=&#8220;0&#8243; width=&#8220;1\/2&#8243; mobile_height=&#8220;340&#8243; uncode_shortcode_id=&#8220;921730&#8243;][vc_single_image media=&#8220;3488&#8243; media_width_percent=&#8220;100&#8243; uncode_shortcode_id=&#8220;124688&#8243;][\/vc_column][vc_column column_width_use_pixel=&#8220;yes&#8220; gutter_size=&#8220;3&#8243; override_padding=&#8220;yes&#8220; column_padding=&#8220;5&#8243; overlay_alpha=&#8220;50&#8243; shift_x=&#8220;0&#8243; shift_y=&#8220;0&#8243; shift_y_down=&#8220;0&#8243; z_index=&#8220;0&#8243; medium_width=&#8220;0&#8243; mobile_width=&#8220;0&#8243; width=&#8220;1\/2&#8243; column_width_pixel=&#8220;528&#8243;][vc_custom_heading text_color=&#8220;accent&#8220; heading_semantic=&#8220;h6&#8243; text_size=&#8220;h6&#8243; text_transform=&#8220;uppercase&#8220; uncode_shortcode_id=&#8220;135427&#8243; text_color_type=&#8220;uncode-palette&#8220;]AI-Kundenbetreuung[\/vc_custom_heading][vc_custom_heading text_size=&#8220;fontsize-163351&#8243; uncode_shortcode_id=&#8220;617586&#8243;]Die beste Kundenerfahrung durch intelligente Helpdesk-Software[\/vc_custom_heading][vc_column_text text_lead=&#8220;yes&#8220; uncode_shortcode_id=&#8220;163465&#8243;]<\/p>\n<p style=\"font-weight: 400;\">Mit <a href=\"https:\/\/zendesk.nl\" target=\"_blank\" rel=\"noopener\">Zendesk<\/a> zentralisieren Sie alle Ihre Kundenkontakte, sodass Ihnen nichts entgeht und alles von einem Ort aus durchsuchbar ist. Egal, ob Ihre Kunden Sie per E-Mail, Telefon oder Chat kontaktieren, Sie k\u00f6nnen alle Kontakte von einem System aus verwalten.<\/p>\n<p>[\/vc_column_text][vc_empty_space empty_h=&#8220;1&#8243;][vc_row_inner][vc_column_inner column_width_percent=&#8220;100&#8243; gutter_size=&#8220;3&#8243; overlay_alpha=&#8220;50&#8243; shift_x=&#8220;0&#8243; shift_y=&#8220;0&#8243; shift_y_down=&#8220;0&#8243; z_index=&#8220;0&#8243; medium_width=&#8220;4&#8243; mobile_width=&#8220;0&#8243; width=&#8220;1\/2&#8243;][vc_custom_heading heading_semantic=&#8220;h3&#8243; text_size=&#8220;h4&#8243; subheading=&#8220;KI ist die Intelligenz hinter unserer kompletten Servicel\u00f6sung. Zendesk unterst\u00fctzt seine Kunden mit schnellem, personalisiertem KI-gesteuertem Service. Sie k\u00f6nnen sofort loslegen, ohne dass Sie einen Trainer ben\u00f6tigen.&#8220; uncode_shortcode_id=&#8220;106945&#8243;]KI und Automatisierung[\/vc_custom_heading][\/vc_column_inner][vc_column_inner column_width_percent=&#8220;100&#8243; gutter_size=&#8220;3&#8243; overlay_alpha=&#8220;50&#8243; shift_x=&#8220;0&#8243; shift_y=&#8220;0&#8243; shift_y_down=&#8220;0&#8243; z_index=&#8220;0&#8243; medium_width=&#8220;4&#8243; mobile_width=&#8220;0&#8243; width=&#8220;1\/2&#8243;][vc_custom_heading heading_semantic=&#8220;h3&#8243; text_size=&#8220;h4&#8243; subheading=&#8220;Die KI-Agenten von Zendesk l\u00f6sen komplexe Probleme selbstst\u00e4ndig und auf jedem Kanal. Erhalten Sie rund um die Uhr schnelle L\u00f6sungen, machen Sie Kunden und Mitarbeiter gl\u00fccklich und senken Sie gleichzeitig die Kosten.&#8220; uncode_shortcode_id=&#8220;383760&#8243;]AI-Agenten[\/vc_custom_heading][\/vc_column_inner][\/vc_row_inner][vc_button border_width=&#8220;0&#8243; link=&#8220;url:https%3A%2F%2Fcontactcenterlive.nl%2Fde%2Fai-kundenbetreuung%2F|title:Zendesk|&#8220; uncode_shortcode_id=&#8220;866740&#8243;]Mehr lesen[\/vc_button][\/vc_column][\/vc_row][vc_row][vc_column width=&#8220;1\/1&#8243;][uncode_block id=&#8220;4135&#8243;][\/vc_column][\/vc_row]<\/p>\n<\/div>","protected":false},"excerpt":{"rendered":"<p>[vc_row unlock_row_content=&#8220;yes&#8220; row_height_percent=&#8220;0&#8243; override_padding=&#8220;yes&#8220; h_padding=&#8220;0&#8243; top_padding=&#8220;0&#8243; bottom_padding=&#8220;0&#8243; overlay_alpha=&#8220;50&#8243; equal_height=&#8220;yes&#8220; gutter_size=&#8220;0&#8243; column_width_percent=&#8220;100&#8243; shift_y=&#8220;0&#8243; z_index=&#8220;0&#8243;][vc_column column_width_use_pixel=&#8220;yes&#8220; gutter_size=&#8220;3&#8243; override_padding=&#8220;yes&#8220; column_padding=&#8220;5&#8243; overlay_alpha=&#8220;50&#8243; shift_x=&#8220;0&#8243; shift_y=&#8220;0&#8243; [&hellip;]<\/p>\n","protected":false},"author":1,"featured_media":0,"parent":0,"menu_order":5,"comment_status":"closed","ping_status":"closed","template":"","meta":{"_acf_changed":false,"footnotes":""},"class_list":["post-6920","page","type-page","status-publish","hentry"],"acf":[],"yoast_head":"<!-- This site is optimized with the Yoast SEO plugin v27.3 - https:\/\/yoast.com\/product\/yoast-seo-wordpress\/ -->\n<title>Startseite - Contact Center Live<\/title>\n<meta name=\"robots\" content=\"index, follow, max-snippet:-1, max-image-preview:large, max-video-preview:-1\" \/>\n<link rel=\"canonical\" href=\"https:\/\/contactcenterlive.nl\/de\/\" \/>\n<meta property=\"og:locale\" content=\"de_DE\" \/>\n<meta property=\"og:type\" content=\"article\" \/>\n<meta property=\"og:title\" content=\"Startseite - Contact Center Live\" \/>\n<meta property=\"og:description\" content=\"[vc_row unlock_row_content=&#8220;yes&#8220; row_height_percent=&#8220;0&#8243; override_padding=&#8220;yes&#8220; h_padding=&#8220;0&#8243; top_padding=&#8220;0&#8243; bottom_padding=&#8220;0&#8243; overlay_alpha=&#8220;50&#8243; equal_height=&#8220;yes&#8220; gutter_size=&#8220;0&#8243; column_width_percent=&#8220;100&#8243; shift_y=&#8220;0&#8243; z_index=&#8220;0&#8243;][vc_column column_width_use_pixel=&#8220;yes&#8220; gutter_size=&#8220;3&#8243; override_padding=&#8220;yes&#8220; column_padding=&#8220;5&#8243; overlay_alpha=&#8220;50&#8243; shift_x=&#8220;0&#8243; shift_y=&#8220;0&#8243; [&hellip;]\" \/>\n<meta property=\"og:url\" content=\"https:\/\/contactcenterlive.nl\/de\/\" \/>\n<meta property=\"og:site_name\" content=\"Contact Center Live\" \/>\n<meta property=\"article:modified_time\" content=\"2025-04-14T11:45:58+00:00\" \/>\n<meta name=\"twitter:card\" content=\"summary_large_image\" \/>\n<meta name=\"twitter:label1\" content=\"Gesch\u00e4tzte Lesezeit\" \/>\n\t<meta name=\"twitter:data1\" content=\"3\u00a0Minute\" \/>\n<script type=\"application\/ld+json\" class=\"yoast-schema-graph\">{\"@context\":\"https:\\\/\\\/schema.org\",\"@graph\":[{\"@type\":\"WebPage\",\"@id\":\"https:\\\/\\\/contactcenterlive.nl\\\/de\\\/\",\"url\":\"https:\\\/\\\/contactcenterlive.nl\\\/de\\\/\",\"name\":\"Startseite - Contact Center Live\",\"isPartOf\":{\"@id\":\"https:\\\/\\\/contactcenterlive.nl\\\/de\\\/#website\"},\"datePublished\":\"2025-04-11T13:21:22+00:00\",\"dateModified\":\"2025-04-14T11:45:58+00:00\",\"breadcrumb\":{\"@id\":\"https:\\\/\\\/contactcenterlive.nl\\\/de\\\/#breadcrumb\"},\"inLanguage\":\"de\",\"potentialAction\":[{\"@type\":\"ReadAction\",\"target\":[\"https:\\\/\\\/contactcenterlive.nl\\\/de\\\/\"]}]},{\"@type\":\"BreadcrumbList\",\"@id\":\"https:\\\/\\\/contactcenterlive.nl\\\/de\\\/#breadcrumb\",\"itemListElement\":[{\"@type\":\"ListItem\",\"position\":1,\"name\":\"Startseite\",\"item\":\"https:\\\/\\\/contactcenterlive.nl\\\/de\\\/\"},{\"@type\":\"ListItem\",\"position\":2,\"name\":\"Startseite\"}]},{\"@type\":\"WebSite\",\"@id\":\"https:\\\/\\\/contactcenterlive.nl\\\/de\\\/#website\",\"url\":\"https:\\\/\\\/contactcenterlive.nl\\\/de\\\/\",\"name\":\"Contact Center Live\",\"description\":\"Client-contact made easy.\",\"potentialAction\":[{\"@type\":\"SearchAction\",\"target\":{\"@type\":\"EntryPoint\",\"urlTemplate\":\"https:\\\/\\\/contactcenterlive.nl\\\/de\\\/?s={search_term_string}\"},\"query-input\":{\"@type\":\"PropertyValueSpecification\",\"valueRequired\":true,\"valueName\":\"search_term_string\"}}],\"inLanguage\":\"de\"}]}<\/script>\n<!-- \/ Yoast SEO plugin. -->","yoast_head_json":{"title":"Startseite - Contact Center Live","robots":{"index":"index","follow":"follow","max-snippet":"max-snippet:-1","max-image-preview":"max-image-preview:large","max-video-preview":"max-video-preview:-1"},"canonical":"https:\/\/contactcenterlive.nl\/de\/","og_locale":"de_DE","og_type":"article","og_title":"Startseite - Contact Center Live","og_description":"[vc_row unlock_row_content=&#8220;yes&#8220; row_height_percent=&#8220;0&#8243; override_padding=&#8220;yes&#8220; h_padding=&#8220;0&#8243; top_padding=&#8220;0&#8243; bottom_padding=&#8220;0&#8243; overlay_alpha=&#8220;50&#8243; equal_height=&#8220;yes&#8220; gutter_size=&#8220;0&#8243; column_width_percent=&#8220;100&#8243; shift_y=&#8220;0&#8243; z_index=&#8220;0&#8243;][vc_column column_width_use_pixel=&#8220;yes&#8220; gutter_size=&#8220;3&#8243; override_padding=&#8220;yes&#8220; column_padding=&#8220;5&#8243; overlay_alpha=&#8220;50&#8243; shift_x=&#8220;0&#8243; shift_y=&#8220;0&#8243; [&hellip;]","og_url":"https:\/\/contactcenterlive.nl\/de\/","og_site_name":"Contact Center Live","article_modified_time":"2025-04-14T11:45:58+00:00","twitter_card":"summary_large_image","twitter_misc":{"Gesch\u00e4tzte Lesezeit":"3\u00a0Minute"},"schema":{"@context":"https:\/\/schema.org","@graph":[{"@type":"WebPage","@id":"https:\/\/contactcenterlive.nl\/de\/","url":"https:\/\/contactcenterlive.nl\/de\/","name":"Startseite - Contact Center Live","isPartOf":{"@id":"https:\/\/contactcenterlive.nl\/de\/#website"},"datePublished":"2025-04-11T13:21:22+00:00","dateModified":"2025-04-14T11:45:58+00:00","breadcrumb":{"@id":"https:\/\/contactcenterlive.nl\/de\/#breadcrumb"},"inLanguage":"de","potentialAction":[{"@type":"ReadAction","target":["https:\/\/contactcenterlive.nl\/de\/"]}]},{"@type":"BreadcrumbList","@id":"https:\/\/contactcenterlive.nl\/de\/#breadcrumb","itemListElement":[{"@type":"ListItem","position":1,"name":"Startseite","item":"https:\/\/contactcenterlive.nl\/de\/"},{"@type":"ListItem","position":2,"name":"Startseite"}]},{"@type":"WebSite","@id":"https:\/\/contactcenterlive.nl\/de\/#website","url":"https:\/\/contactcenterlive.nl\/de\/","name":"Contact Center Live","description":"Client-contact made easy.","potentialAction":[{"@type":"SearchAction","target":{"@type":"EntryPoint","urlTemplate":"https:\/\/contactcenterlive.nl\/de\/?s={search_term_string}"},"query-input":{"@type":"PropertyValueSpecification","valueRequired":true,"valueName":"search_term_string"}}],"inLanguage":"de"}]}},"_links":{"self":[{"href":"https:\/\/contactcenterlive.nl\/de\/wp-json\/wp\/v2\/pages\/6920","targetHints":{"allow":["GET"]}}],"collection":[{"href":"https:\/\/contactcenterlive.nl\/de\/wp-json\/wp\/v2\/pages"}],"about":[{"href":"https:\/\/contactcenterlive.nl\/de\/wp-json\/wp\/v2\/types\/page"}],"author":[{"embeddable":true,"href":"https:\/\/contactcenterlive.nl\/de\/wp-json\/wp\/v2\/users\/1"}],"replies":[{"embeddable":true,"href":"https:\/\/contactcenterlive.nl\/de\/wp-json\/wp\/v2\/comments?post=6920"}],"version-history":[{"count":0,"href":"https:\/\/contactcenterlive.nl\/de\/wp-json\/wp\/v2\/pages\/6920\/revisions"}],"wp:attachment":[{"href":"https:\/\/contactcenterlive.nl\/de\/wp-json\/wp\/v2\/media?parent=6920"}],"curies":[{"name":"wp","href":"https:\/\/api.w.org\/{rel}","templated":true}]}}