{"id":6964,"date":"2025-04-11T15:14:45","date_gmt":"2025-04-11T14:14:45","guid":{"rendered":"https:\/\/sleepy-bardeen.85-214-143-123.plesk.page\/unser-team\/"},"modified":"2025-12-16T15:51:06","modified_gmt":"2025-12-16T14:51:06","slug":"unser-team","status":"publish","type":"page","link":"https:\/\/contactcenterlive.nl\/de\/unser-team\/","title":{"rendered":"Unser Team"},"content":{"rendered":"<div class=\"wpb-content-wrapper\"><p>[vc_row row_height_percent=&#8220;0&#8243; override_padding=&#8220;yes&#8220; h_padding=&#8220;2&#8243; top_padding=&#8220;4&#8243; bottom_padding=&#8220;2&#8243; overlay_alpha=&#8220;50&#8243; gutter_size=&#8220;3&#8243; column_width_percent=&#8220;100&#8243; shift_y=&#8220;0&#8243; z_index=&#8220;0&#8243;][vc_column width=&#8220;1\/2&#8243;][vc_column_text uncode_shortcode_id=&#8220;156461&#8243;]Seit 2007 helfen wir Unternehmen mit einem Contact Center, ein optimales Kundenerlebnis im weitesten Sinne des Wortes zu schaffen. Dies tun wir mit innovativen Gesamtl\u00f6sungen im Bereich des Omnichannel-Kundenkontakts und CRM. Dadurch wird jeder Moment, in dem Sie mit Ihren Kunden in Kontakt treten &#8211; ob eingehend oder ausgehend &#8211; effizient, kosteng\u00fcnstig und profitabel. Unsere innovativen L\u00f6sungen sind zug\u00e4nglich, flexibel und vollst\u00e4ndig und erm\u00f6glichen es Ihnen, jeden Tag besser auf die Bed\u00fcrfnisse Ihrer Kunden einzugehen, eine klare 360-Grad-Kundensicht zu schaffen und so Ihren Kundenservice messbar zu verbessern.[\/vc_column_text][\/vc_column][vc_column width=&#8220;1\/2&#8243;][vc_column_text uncode_shortcode_id=&#8220;871199&#8243;]<\/p>\n<p style=\"font-weight: 400;\">Weil jedes Unternehmen einfach andere Anforderungen hat, optimieren wir unsere erstklassige Technologie bei Bedarf mit Anpassungen, um die beste und effizienteste L\u00f6sung zu erreichen. Bei Contact Center Live kennen wir kein &#8222;geht nicht&#8220;. Wir liefern nicht nur unsere Produkte, sondern wir tauchen in Ihre Organisation ein und denken mit Ihnen mit, als w\u00e4re es unsere eigene Organisation, pragmatisch, schnell und mit einer No-Nonsense-Mentalit\u00e4t. Deshalb k\u00f6nnen wir &#8211; fast &#8211; alles! Unsere Kunden erleben uns als Kollegen, weil unsere Zusammenarbeit so eng und vertraut ist. Schlie\u00dflich gewinnt man gemeinsam.<\/p>\n<p>[\/vc_column_text][\/vc_column][\/vc_row][vc_row row_height_percent=&#8220;0&#8243; override_padding=&#8220;yes&#8220; h_padding=&#8220;2&#8243; top_padding=&#8220;2&#8243; bottom_padding=&#8220;5&#8243; overlay_alpha=&#8220;100&#8243; gutter_size=&#8220;100&#8243; column_width_percent=&#8220;100&#8243; shift_y=&#8220;0&#8243; z_index=&#8220;0&#8243; content_parallax=&#8220;0&#8243; style=&#8220;inherited&#8220; row_name=&#8220;Team&#8220; uncode_shortcode_id=&#8220;164355&#8243;][vc_column width=&#8220;1\/1&#8243;][vc_custom_heading heading_semantic=&#8220;h3&#8243; text_size=&#8220;h1&#8243; uncode_shortcode_id=&#8220;140033&#8243;]Lernen Sie unser Team kennen[\/vc_custom_heading][vc_single_image media=&#8220;8751&#8243; media_width_percent=&#8220;100&#8243; uncode_shortcode_id=&#8220;205317&#8243;][\/vc_column][\/vc_row]<\/p>\n<\/div>","protected":false},"excerpt":{"rendered":"<p>[vc_row row_height_percent=&#8220;0&#8243; override_padding=&#8220;yes&#8220; h_padding=&#8220;2&#8243; top_padding=&#8220;4&#8243; bottom_padding=&#8220;2&#8243; overlay_alpha=&#8220;50&#8243; gutter_size=&#8220;3&#8243; column_width_percent=&#8220;100&#8243; shift_y=&#8220;0&#8243; z_index=&#8220;0&#8243;][vc_column width=&#8220;1\/2&#8243;][vc_column_text uncode_shortcode_id=&#8220;156461&#8243;]Seit 2007 helfen wir Unternehmen mit einem Contact [&hellip;]<\/p>\n","protected":false},"author":1,"featured_media":0,"parent":0,"menu_order":21,"comment_status":"closed","ping_status":"closed","template":"","meta":{"_acf_changed":false,"footnotes":""},"class_list":["post-6964","page","type-page","status-publish","hentry"],"acf":[],"yoast_head":"<!-- This site is optimized with the Yoast SEO plugin v27.4 - https:\/\/yoast.com\/product\/yoast-seo-wordpress\/ -->\n<title>Unser Team - Contact Center Live<\/title>\n<meta name=\"robots\" content=\"index, follow, max-snippet:-1, max-image-preview:large, max-video-preview:-1\" \/>\n<link rel=\"canonical\" href=\"https:\/\/contactcenterlive.nl\/de\/unser-team\/\" \/>\n<meta property=\"og:locale\" content=\"de_DE\" \/>\n<meta property=\"og:type\" content=\"article\" \/>\n<meta property=\"og:title\" content=\"Unser Team - Contact Center Live\" \/>\n<meta property=\"og:description\" content=\"[vc_row row_height_percent=&#8220;0&#8243; override_padding=&#8220;yes&#8220; h_padding=&#8220;2&#8243; top_padding=&#8220;4&#8243; bottom_padding=&#8220;2&#8243; overlay_alpha=&#8220;50&#8243; gutter_size=&#8220;3&#8243; column_width_percent=&#8220;100&#8243; shift_y=&#8220;0&#8243; z_index=&#8220;0&#8243;][vc_column width=&#8220;1\/2&#8243;][vc_column_text uncode_shortcode_id=&#8220;156461&#8243;]Seit 2007 helfen wir Unternehmen mit einem Contact [&hellip;]\" \/>\n<meta property=\"og:url\" content=\"https:\/\/contactcenterlive.nl\/de\/unser-team\/\" \/>\n<meta property=\"og:site_name\" content=\"Contact Center Live\" \/>\n<meta property=\"article:modified_time\" content=\"2025-12-16T14:51:06+00:00\" \/>\n<meta name=\"twitter:card\" content=\"summary_large_image\" \/>\n<meta name=\"twitter:label1\" content=\"Gesch\u00e4tzte Lesezeit\" \/>\n\t<meta name=\"twitter:data1\" content=\"2\u00a0Minute\" \/>\n<script type=\"application\/ld+json\" class=\"yoast-schema-graph\">{\"@context\":\"https:\\\/\\\/schema.org\",\"@graph\":[{\"@type\":\"WebPage\",\"@id\":\"https:\\\/\\\/contactcenterlive.nl\\\/de\\\/unser-team\\\/\",\"url\":\"https:\\\/\\\/contactcenterlive.nl\\\/de\\\/unser-team\\\/\",\"name\":\"Unser Team - Contact Center Live\",\"isPartOf\":{\"@id\":\"https:\\\/\\\/contactcenterlive.nl\\\/de\\\/#website\"},\"datePublished\":\"2025-04-11T14:14:45+00:00\",\"dateModified\":\"2025-12-16T14:51:06+00:00\",\"breadcrumb\":{\"@id\":\"https:\\\/\\\/contactcenterlive.nl\\\/de\\\/unser-team\\\/#breadcrumb\"},\"inLanguage\":\"de\",\"potentialAction\":[{\"@type\":\"ReadAction\",\"target\":[\"https:\\\/\\\/contactcenterlive.nl\\\/de\\\/unser-team\\\/\"]}]},{\"@type\":\"BreadcrumbList\",\"@id\":\"https:\\\/\\\/contactcenterlive.nl\\\/de\\\/unser-team\\\/#breadcrumb\",\"itemListElement\":[{\"@type\":\"ListItem\",\"position\":1,\"name\":\"Startseite\",\"item\":\"https:\\\/\\\/contactcenterlive.nl\\\/de\\\/\"},{\"@type\":\"ListItem\",\"position\":2,\"name\":\"Unser Team\"}]},{\"@type\":\"WebSite\",\"@id\":\"https:\\\/\\\/contactcenterlive.nl\\\/de\\\/#website\",\"url\":\"https:\\\/\\\/contactcenterlive.nl\\\/de\\\/\",\"name\":\"Contact Center Live\",\"description\":\"Client-contact made easy.\",\"potentialAction\":[{\"@type\":\"SearchAction\",\"target\":{\"@type\":\"EntryPoint\",\"urlTemplate\":\"https:\\\/\\\/contactcenterlive.nl\\\/de\\\/?s={search_term_string}\"},\"query-input\":{\"@type\":\"PropertyValueSpecification\",\"valueRequired\":true,\"valueName\":\"search_term_string\"}}],\"inLanguage\":\"de\"}]}<\/script>\n<!-- \/ Yoast SEO plugin. -->","yoast_head_json":{"title":"Unser Team - Contact Center Live","robots":{"index":"index","follow":"follow","max-snippet":"max-snippet:-1","max-image-preview":"max-image-preview:large","max-video-preview":"max-video-preview:-1"},"canonical":"https:\/\/contactcenterlive.nl\/de\/unser-team\/","og_locale":"de_DE","og_type":"article","og_title":"Unser Team - Contact Center Live","og_description":"[vc_row row_height_percent=&#8220;0&#8243; override_padding=&#8220;yes&#8220; h_padding=&#8220;2&#8243; top_padding=&#8220;4&#8243; bottom_padding=&#8220;2&#8243; overlay_alpha=&#8220;50&#8243; gutter_size=&#8220;3&#8243; column_width_percent=&#8220;100&#8243; shift_y=&#8220;0&#8243; z_index=&#8220;0&#8243;][vc_column width=&#8220;1\/2&#8243;][vc_column_text uncode_shortcode_id=&#8220;156461&#8243;]Seit 2007 helfen wir Unternehmen mit einem Contact [&hellip;]","og_url":"https:\/\/contactcenterlive.nl\/de\/unser-team\/","og_site_name":"Contact Center Live","article_modified_time":"2025-12-16T14:51:06+00:00","twitter_card":"summary_large_image","twitter_misc":{"Gesch\u00e4tzte Lesezeit":"2\u00a0Minute"},"schema":{"@context":"https:\/\/schema.org","@graph":[{"@type":"WebPage","@id":"https:\/\/contactcenterlive.nl\/de\/unser-team\/","url":"https:\/\/contactcenterlive.nl\/de\/unser-team\/","name":"Unser Team - Contact Center Live","isPartOf":{"@id":"https:\/\/contactcenterlive.nl\/de\/#website"},"datePublished":"2025-04-11T14:14:45+00:00","dateModified":"2025-12-16T14:51:06+00:00","breadcrumb":{"@id":"https:\/\/contactcenterlive.nl\/de\/unser-team\/#breadcrumb"},"inLanguage":"de","potentialAction":[{"@type":"ReadAction","target":["https:\/\/contactcenterlive.nl\/de\/unser-team\/"]}]},{"@type":"BreadcrumbList","@id":"https:\/\/contactcenterlive.nl\/de\/unser-team\/#breadcrumb","itemListElement":[{"@type":"ListItem","position":1,"name":"Startseite","item":"https:\/\/contactcenterlive.nl\/de\/"},{"@type":"ListItem","position":2,"name":"Unser Team"}]},{"@type":"WebSite","@id":"https:\/\/contactcenterlive.nl\/de\/#website","url":"https:\/\/contactcenterlive.nl\/de\/","name":"Contact Center Live","description":"Client-contact made easy.","potentialAction":[{"@type":"SearchAction","target":{"@type":"EntryPoint","urlTemplate":"https:\/\/contactcenterlive.nl\/de\/?s={search_term_string}"},"query-input":{"@type":"PropertyValueSpecification","valueRequired":true,"valueName":"search_term_string"}}],"inLanguage":"de"}]}},"_links":{"self":[{"href":"https:\/\/contactcenterlive.nl\/de\/wp-json\/wp\/v2\/pages\/6964","targetHints":{"allow":["GET"]}}],"collection":[{"href":"https:\/\/contactcenterlive.nl\/de\/wp-json\/wp\/v2\/pages"}],"about":[{"href":"https:\/\/contactcenterlive.nl\/de\/wp-json\/wp\/v2\/types\/page"}],"author":[{"embeddable":true,"href":"https:\/\/contactcenterlive.nl\/de\/wp-json\/wp\/v2\/users\/1"}],"replies":[{"embeddable":true,"href":"https:\/\/contactcenterlive.nl\/de\/wp-json\/wp\/v2\/comments?post=6964"}],"version-history":[{"count":0,"href":"https:\/\/contactcenterlive.nl\/de\/wp-json\/wp\/v2\/pages\/6964\/revisions"}],"wp:attachment":[{"href":"https:\/\/contactcenterlive.nl\/de\/wp-json\/wp\/v2\/media?parent=6964"}],"curies":[{"name":"wp","href":"https:\/\/api.w.org\/{rel}","templated":true}]}}